{"id":65,"date":"2019-08-19T08:54:58","date_gmt":"2019-08-19T08:54:58","guid":{"rendered":"https:\/\/jupiterx.artbees.net\/restaurant-2\/?page_id=65"},"modified":"2021-12-27T18:55:09","modified_gmt":"2021-12-28T00:55:09","slug":"blog","status":"publish","type":"page","link":"https:\/\/elhuertorestaurant.com\/es\/blog\/","title":{"rendered":"Blog"},"content":{"rendered":"<div data-elementor-type=\"wp-post\" data-elementor-id=\"65\" class=\"elementor elementor-65\" data-elementor-post-type=\"page\">\n\t\t\t\t\t\t<section class=\"elementor-section elementor-top-section elementor-element elementor-element-eabb932 elementor-section-height-min-height elementor-section-boxed elementor-section-height-default elementor-section-items-middle\" data-id=\"eabb932\" data-element_type=\"section\" data-settings=\"{&quot;jet_parallax_layout_list&quot;:[{&quot;jet_parallax_layout_image&quot;:{&quot;url&quot;:&quot;&quot;,&quot;id&quot;:&quot;&quot;,&quot;size&quot;:&quot;&quot;},&quot;_id&quot;:&quot;c12eb44&quot;,&quot;jet_parallax_layout_image_tablet&quot;:{&quot;url&quot;:&quot;&quot;,&quot;id&quot;:&quot;&quot;,&quot;size&quot;:&quot;&quot;},&quot;jet_parallax_layout_image_mobile&quot;:{&quot;url&quot;:&quot;&quot;,&quot;id&quot;:&quot;&quot;,&quot;size&quot;:&quot;&quot;},&quot;jet_parallax_layout_speed&quot;:{&quot;unit&quot;:&quot;%&quot;,&quot;size&quot;:50,&quot;sizes&quot;:[]},&quot;jet_parallax_layout_type&quot;:&quot;scroll&quot;,&quot;jet_parallax_layout_direction&quot;:&quot;1&quot;,&quot;jet_parallax_layout_fx_direction&quot;:null,&quot;jet_parallax_layout_z_index&quot;:&quot;&quot;,&quot;jet_parallax_layout_bg_x&quot;:50,&quot;jet_parallax_layout_bg_x_tablet&quot;:&quot;&quot;,&quot;jet_parallax_layout_bg_x_mobile&quot;:&quot;&quot;,&quot;jet_parallax_layout_bg_y&quot;:50,&quot;jet_parallax_layout_bg_y_tablet&quot;:&quot;&quot;,&quot;jet_parallax_layout_bg_y_mobile&quot;:&quot;&quot;,&quot;jet_parallax_layout_bg_size&quot;:&quot;auto&quot;,&quot;jet_parallax_layout_bg_size_tablet&quot;:&quot;&quot;,&quot;jet_parallax_layout_bg_size_mobile&quot;:&quot;&quot;,&quot;jet_parallax_layout_animation_prop&quot;:&quot;transform&quot;,&quot;jet_parallax_layout_on&quot;:[&quot;desktop&quot;,&quot;tablet&quot;]}],&quot;background_background&quot;:&quot;classic&quot;}\">\n\t\t\t\t\t\t\t<div class=\"elementor-background-overlay\"><\/div>\n\t\t\t\t\t\t\t<div class=\"elementor-container elementor-column-gap-default\">\n\t\t\t\t\t<div class=\"elementor-column elementor-col-100 elementor-top-column elementor-element elementor-element-96573d8\" data-id=\"96573d8\" data-element_type=\"column\">\n\t\t\t<div class=\"elementor-widget-wrap elementor-element-populated\">\n\t\t\t\t\t\t<div class=\"elementor-element elementor-element-33aa849 elementor-widget elementor-widget-text-editor\" data-id=\"33aa849\" data-element_type=\"widget\" data-widget_type=\"text-editor.default\">\n\t\t\t\t<div class=\"elementor-widget-container\">\n\t\t\t\t\t\t\t\t\t<p>Detr\u00e1s<\/p>\t\t\t\t\t\t\t\t<\/div>\n\t\t\t\t<\/div>\n\t\t\t\t<div class=\"elementor-element elementor-element-743015a elementor-widget elementor-widget-heading\" data-id=\"743015a\" data-element_type=\"widget\" data-widget_type=\"heading.default\">\n\t\t\t\t<div class=\"elementor-widget-container\">\n\t\t\t\t\t<h2 class=\"elementor-heading-title elementor-size-default\">La escena<\/h2>\t\t\t\t<\/div>\n\t\t\t\t<\/div>\n\t\t\t\t\t<\/div>\n\t\t<\/div>\n\t\t\t\t\t<\/div>\n\t\t<\/section>\n\t\t\t\t<section class=\"elementor-section elementor-top-section elementor-element elementor-element-426efc55 elementor-section-content-middle elementor-section-boxed elementor-section-height-default elementor-section-height-default\" data-id=\"426efc55\" data-element_type=\"section\" data-settings=\"{&quot;jet_parallax_layout_list&quot;:[{&quot;_id&quot;:&quot;2c89513&quot;,&quot;jet_parallax_layout_speed&quot;:{&quot;unit&quot;:&quot;%&quot;,&quot;size&quot;:&quot;50&quot;,&quot;sizes&quot;:[]},&quot;jet_parallax_layout_bg_x&quot;:&quot;50&quot;,&quot;jet_parallax_layout_bg_y&quot;:&quot;50&quot;,&quot;jet_parallax_layout_image&quot;:{&quot;url&quot;:&quot;&quot;,&quot;id&quot;:&quot;&quot;,&quot;size&quot;:&quot;&quot;},&quot;jet_parallax_layout_image_tablet&quot;:{&quot;url&quot;:&quot;&quot;,&quot;id&quot;:&quot;&quot;,&quot;size&quot;:&quot;&quot;},&quot;jet_parallax_layout_image_mobile&quot;:{&quot;url&quot;:&quot;&quot;,&quot;id&quot;:&quot;&quot;,&quot;size&quot;:&quot;&quot;},&quot;jet_parallax_layout_type&quot;:&quot;scroll&quot;,&quot;jet_parallax_layout_direction&quot;:&quot;1&quot;,&quot;jet_parallax_layout_fx_direction&quot;:null,&quot;jet_parallax_layout_z_index&quot;:&quot;&quot;,&quot;jet_parallax_layout_bg_x_tablet&quot;:&quot;&quot;,&quot;jet_parallax_layout_bg_x_mobile&quot;:&quot;&quot;,&quot;jet_parallax_layout_bg_y_tablet&quot;:&quot;&quot;,&quot;jet_parallax_layout_bg_y_mobile&quot;:&quot;&quot;,&quot;jet_parallax_layout_bg_size&quot;:&quot;auto&quot;,&quot;jet_parallax_layout_bg_size_tablet&quot;:&quot;&quot;,&quot;jet_parallax_layout_bg_size_mobile&quot;:&quot;&quot;,&quot;jet_parallax_layout_animation_prop&quot;:&quot;transform&quot;,&quot;jet_parallax_layout_on&quot;:[&quot;desktop&quot;,&quot;tablet&quot;]}]}\">\n\t\t\t\t\t\t<div class=\"elementor-container elementor-column-gap-no\">\n\t\t\t\t\t<div class=\"elementor-column elementor-col-100 elementor-top-column elementor-element elementor-element-263ca551\" data-id=\"263ca551\" data-element_type=\"column\">\n\t\t\t<div class=\"elementor-widget-wrap elementor-element-populated\">\n\t\t\t\t\t\t<div class=\"elementor-element elementor-element-7607180 raven-hover-slide-right elementor-widget elementor-widget-raven-posts\" data-id=\"7607180\" data-element_type=\"widget\" data-settings=\"{&quot;classic_mirror_rows&quot;:&quot;yes&quot;,&quot;classic_columns&quot;:&quot;1&quot;,&quot;classic_columns_tablet&quot;:&quot;1&quot;,&quot;query_posts_per_page&quot;:&quot;3&quot;,&quot;classic_show_pagination&quot;:&quot;yes&quot;,&quot;_skin&quot;:&quot;classic&quot;,&quot;classic_layout&quot;:&quot;grid&quot;,&quot;classic_columns_mobile&quot;:&quot;1&quot;,&quot;classic_pagination_type&quot;:&quot;page_based&quot;,&quot;query_offset&quot;:0}\" data-widget_type=\"raven-posts.classic\">\n\t\t\t\t<div class=\"elementor-widget-container\">\n\t\t\t\t\t\t\t<div class=\"raven-posts raven-grid raven-grid-1 raven-grid-mobile-1 raven-grid-tablet-1\" data-post-id=\"65\" data-archive-query=\"\" data-lang=\"\">\r\n\t\t\t\t<div class=\"raven-grid-item raven-post-item post-1493 post type-post status-publish format-standard has-post-thumbnail hentry category-blog\">\r\n\t\t\t<div class=\"raven-post raven-post-inline raven-post-inline-left\">\r\n\t\t\t\t\t\t<div class=\"raven-post-image-wrap\">\r\n\t\t\t<a class=\"raven-post-image raven-image-fit\" href=\"https:\/\/elhuertorestaurant.com\/es\/dia-de-muertos\/\"><img fetchpriority=\"high\" decoding=\"async\" width=\"1024\" height=\"683\" src=\"https:\/\/elhuertorestaurant.com\/wp-content\/uploads\/2021\/12\/IMG_9844-1024x683.jpg\" class=\"attachment-large size-large wp-image-1508\" alt=\"\" srcset=\"https:\/\/elhuertorestaurant.com\/wp-content\/uploads\/2021\/12\/IMG_9844-1024x683.jpg 1024w, https:\/\/elhuertorestaurant.com\/wp-content\/uploads\/2021\/12\/IMG_9844-300x200.jpg 300w, https:\/\/elhuertorestaurant.com\/wp-content\/uploads\/2021\/12\/IMG_9844-768x512.jpg 768w, https:\/\/elhuertorestaurant.com\/wp-content\/uploads\/2021\/12\/IMG_9844-1536x1024.jpg 1536w, https:\/\/elhuertorestaurant.com\/wp-content\/uploads\/2021\/12\/IMG_9844-2048x1365.jpg 2048w\" sizes=\"(max-width: 1024px) 100vw, 1024px\" \/> <span class=\"raven-post-image-overlay\"><\/span><\/a>\t\t<\/div>\r\n\t\t\t\t\t\t<div class=\"raven-post-content\">\r\n\t\t\t\t\t\t\t<div class=\"raven-post-meta\"><a class=\"raven-post-meta-item raven-post-date\" href=\"https:\/\/elhuertorestaurant.com\/es\/2021\/12\/\" rel=\"bookmark\">2 diciembre, 2021<\/a><\/div>\r\n\t\t<h2 class=\"raven-post-title\"><a class=\"raven-post-title-link\" href=\"https:\/\/elhuertorestaurant.com\/es\/dia-de-muertos\/\">Dia de muertos<\/a><\/h2><div class=\"raven-post-excerpt\">M\u00e9xico tiene una gran variedad de tradiciones y festividades y siempre est\u00e1 lleno de historia y cultura y sin duda el D\u00eda de Muertos es una de ellas.<\/div>\t\t<div class=\"raven-post-read-more\">\r\n\t\t\t<a class=\"raven-post-button\" href=\"https:\/\/elhuertorestaurant.com\/es\/dia-de-muertos\/\"><span class=\"raven-post-button-text\">LEER M\u00c1S<\/span><\/a>\r\n\t\t<\/div>\r\n\t\t\t\t\t\t<\/div>\r\n\t\t\t<\/div>\r\n\t\t<\/div>\r\n\t\t\t\t<div class=\"raven-grid-item raven-post-item post-191 post type-post status-publish format-standard has-post-thumbnail hentry category-uncategorized\">\r\n\t\t\t<div class=\"raven-post raven-post-inline raven-post-inline-left\">\r\n\t\t\t\t\t\t<div class=\"raven-post-image-wrap\">\r\n\t\t\t<a class=\"raven-post-image raven-image-fit\" href=\"https:\/\/elhuertorestaurant.com\/es\/birthday-trips\/\"><img decoding=\"async\" width=\"1024\" height=\"682\" src=\"https:\/\/elhuertorestaurant.com\/wp-content\/uploads\/2019\/08\/08-14-21-65th-Birthday-El-Huerto-Setup-237-1024x682.jpg\" class=\"attachment-large size-large wp-image-1319\" alt=\"\" srcset=\"https:\/\/elhuertorestaurant.com\/wp-content\/uploads\/2019\/08\/08-14-21-65th-Birthday-El-Huerto-Setup-237-1024x682.jpg 1024w, https:\/\/elhuertorestaurant.com\/wp-content\/uploads\/2019\/08\/08-14-21-65th-Birthday-El-Huerto-Setup-237-300x200.jpg 300w, https:\/\/elhuertorestaurant.com\/wp-content\/uploads\/2019\/08\/08-14-21-65th-Birthday-El-Huerto-Setup-237-768x511.jpg 768w, https:\/\/elhuertorestaurant.com\/wp-content\/uploads\/2019\/08\/08-14-21-65th-Birthday-El-Huerto-Setup-237.jpg 1080w\" sizes=\"(max-width: 1024px) 100vw, 1024px\" \/> <span class=\"raven-post-image-overlay\"><\/span><\/a>\t\t<\/div>\r\n\t\t\t\t\t\t<div class=\"raven-post-content\">\r\n\t\t\t\t\t\t\t<div class=\"raven-post-meta\"><a class=\"raven-post-meta-item raven-post-date\" href=\"https:\/\/elhuertorestaurant.com\/es\/2021\/11\/\" rel=\"bookmark\">11 noviembre, 2021<\/a><\/div>\r\n\t\t<h2 class=\"raven-post-title\"><a class=\"raven-post-title-link\" href=\"https:\/\/elhuertorestaurant.com\/es\/birthday-trips\/\">La vida es un evento, \u00a1hazlo memorable!<\/a><\/h2><div class=\"raven-post-excerpt\">Ya sea que est\u00e9s cumpliendo 20 o 70 a\u00f1os, los viajes de cumplea\u00f1os nunca pasan de moda, \u00a1y mucho mejor si eliges un destino hermoso y \u00fanico como Los Cabos! ahora que tu<\/div>\t\t<div class=\"raven-post-read-more\">\r\n\t\t\t<a class=\"raven-post-button\" href=\"https:\/\/elhuertorestaurant.com\/es\/birthday-trips\/\"><span class=\"raven-post-button-text\">LEER M\u00c1S<\/span><\/a>\r\n\t\t<\/div>\r\n\t\t\t\t\t\t<\/div>\r\n\t\t\t<\/div>\r\n\t\t<\/div>\r\n\t\t\t\t<\/div>\r\n\t\t\t\t\t\t<\/div>\n\t\t\t\t<\/div>\n\t\t\t\t\t<\/div>\n\t\t<\/div>\n\t\t\t\t\t<\/div>\n\t\t<\/section>\n\t\t\t\t<section class=\"elementor-section elementor-top-section elementor-element elementor-element-5d3d67d elementor-section-boxed elementor-section-height-default elementor-section-height-default\" data-id=\"5d3d67d\" data-element_type=\"section\" data-settings=\"{&quot;jet_parallax_layout_list&quot;:[{&quot;jet_parallax_layout_image&quot;:{&quot;url&quot;:&quot;&quot;,&quot;id&quot;:&quot;&quot;,&quot;size&quot;:&quot;&quot;},&quot;_id&quot;:&quot;68629a2&quot;,&quot;jet_parallax_layout_image_tablet&quot;:{&quot;url&quot;:&quot;&quot;,&quot;id&quot;:&quot;&quot;,&quot;size&quot;:&quot;&quot;},&quot;jet_parallax_layout_image_mobile&quot;:{&quot;url&quot;:&quot;&quot;,&quot;id&quot;:&quot;&quot;,&quot;size&quot;:&quot;&quot;},&quot;jet_parallax_layout_speed&quot;:{&quot;unit&quot;:&quot;%&quot;,&quot;size&quot;:50,&quot;sizes&quot;:[]},&quot;jet_parallax_layout_type&quot;:&quot;scroll&quot;,&quot;jet_parallax_layout_direction&quot;:&quot;1&quot;,&quot;jet_parallax_layout_fx_direction&quot;:null,&quot;jet_parallax_layout_z_index&quot;:&quot;&quot;,&quot;jet_parallax_layout_bg_x&quot;:50,&quot;jet_parallax_layout_bg_x_tablet&quot;:&quot;&quot;,&quot;jet_parallax_layout_bg_x_mobile&quot;:&quot;&quot;,&quot;jet_parallax_layout_bg_y&quot;:50,&quot;jet_parallax_layout_bg_y_tablet&quot;:&quot;&quot;,&quot;jet_parallax_layout_bg_y_mobile&quot;:&quot;&quot;,&quot;jet_parallax_layout_bg_size&quot;:&quot;auto&quot;,&quot;jet_parallax_layout_bg_size_tablet&quot;:&quot;&quot;,&quot;jet_parallax_layout_bg_size_mobile&quot;:&quot;&quot;,&quot;jet_parallax_layout_animation_prop&quot;:&quot;transform&quot;,&quot;jet_parallax_layout_on&quot;:[&quot;desktop&quot;,&quot;tablet&quot;]}]}\">\n\t\t\t\t\t\t<div class=\"elementor-container elementor-column-gap-default\">\n\t\t\t\t\t<div class=\"elementor-column elementor-col-100 elementor-top-column elementor-element elementor-element-e02fcb0\" data-id=\"e02fcb0\" data-element_type=\"column\">\n\t\t\t<div class=\"elementor-widget-wrap elementor-element-populated\">\n\t\t\t\t\t\t<div class=\"elementor-element elementor-element-7310079 elementor-widget elementor-widget-heading\" data-id=\"7310079\" data-element_type=\"widget\" data-widget_type=\"heading.default\">\n\t\t\t\t<div class=\"elementor-widget-container\">\n\t\t\t\t\t<h6 class=\"elementor-heading-title elementor-size-default\">Estamos abiertos para el servicio de desayuno y cena, de martes a domingo.<\/h6>\t\t\t\t<\/div>\n\t\t\t\t<\/div>\n\t\t\t\t<div class=\"elementor-element elementor-element-bc75605 elementor-widget elementor-widget-text-editor\" data-id=\"bc75605\" data-element_type=\"widget\" data-widget_type=\"text-editor.default\">\n\t\t\t\t<div class=\"elementor-widget-container\">\n\t\t\t\t\t\t\t\t\t<p>Direcci\u00f3n: Rancho San Angel. Acceso por Cabo del Mar. Cabo San Lucas, Baja California Sur, M\u00e9xico<\/p>\t\t\t\t\t\t\t\t<\/div>\n\t\t\t\t<\/div>\n\t\t\t\t<div class=\"elementor-element elementor-element-5e012b2 elementor-widget elementor-widget-text-editor\" data-id=\"5e012b2\" data-element_type=\"widget\" data-widget_type=\"text-editor.default\">\n\t\t\t\t<div class=\"elementor-widget-container\">\n\t\t\t\t\t\t\t\t\t<p>C\u00f3digo de vestimenta:\u00a0 <span style=\"font-weight: 400;\">Resort Casual<\/span><\/p>\t\t\t\t\t\t\t\t<\/div>\n\t\t\t\t<\/div>\n\t\t\t\t\t<\/div>\n\t\t<\/div>\n\t\t\t\t\t<\/div>\n\t\t<\/section>\n\t\t\t\t<\/div>","protected":false},"excerpt":{"rendered":"<p>Detr\u00e1s de escena 2 diciembre, 2021 D\u00eda de Muertos M\u00e9xico tiene una gran variedad de tradiciones y festividades y siempre est\u00e1 lleno de historia y cultura y sin duda, el D\u00eda de Muertos es una de ellas. LEER M\u00c1S 11 noviembre, 2021 La vida es un acontecimiento, \u00a1hazlo memorable! Ya sea que est\u00e9s cumpliendo 20 [\u2026]<\/p>","protected":false},"author":1,"featured_media":0,"parent":0,"menu_order":0,"comment_status":"closed","ping_status":"closed","template":"full-width.php","meta":{"_acf_changed":false,"footnotes":""},"class_list":["post-65","page","type-page","status-publish","hentry"],"acf":[],"yoast_head":"<!-- This site is optimized with the Yoast SEO plugin v25.6 - https:\/\/yoast.com\/wordpress\/plugins\/seo\/ -->\n<title>Blog - El Huerto<\/title>\n<meta name=\"robots\" content=\"index, follow, max-snippet:-1, max-image-preview:large, max-video-preview:-1\" \/>\n<link rel=\"canonical\" href=\"https:\/\/elhuertorestaurant.com\/es\/blog\/\" \/>\n<meta property=\"og:locale\" content=\"es_MX\" \/>\n<meta property=\"og:type\" content=\"article\" \/>\n<meta property=\"og:title\" content=\"Blog - El Huerto\" \/>\n<meta property=\"og:description\" content=\"Behind The scene 2 December, 2021 D\u00eda de Muertos Mexico has a great variety of traditions and festivities and is always full of history and culture and without a doubt, the Day of the Dead is one of them. READ MORE 11 November, 2021 Life is an event, make it memorable! Whether you&#8217;re turning 20 [&hellip;]\" \/>\n<meta property=\"og:url\" content=\"https:\/\/elhuertorestaurant.com\/es\/blog\/\" \/>\n<meta property=\"og:site_name\" content=\"El Huerto\" \/>\n<meta property=\"article:modified_time\" content=\"2021-12-28T00:55:09+00:00\" \/>\n<meta property=\"og:image\" content=\"https:\/\/elhuertorestaurant.com\/wp-content\/uploads\/2021\/12\/IMG_9844-1024x683.jpg\" \/>\n<meta name=\"twitter:card\" content=\"summary_large_image\" \/>\n<meta name=\"twitter:label1\" content=\"Tiempo de lectura\" \/>\n\t<meta name=\"twitter:data1\" content=\"1 minuto\" \/>\n<script type=\"application\/ld+json\" class=\"yoast-schema-graph\">{\"@context\":\"https:\/\/schema.org\",\"@graph\":[{\"@type\":\"WebPage\",\"@id\":\"https:\/\/elhuertorestaurant.com\/blog\/\",\"url\":\"https:\/\/elhuertorestaurant.com\/blog\/\",\"name\":\"Blog - El Huerto\",\"isPartOf\":{\"@id\":\"https:\/\/elhuertorestaurant.com\/#website\"},\"primaryImageOfPage\":{\"@id\":\"https:\/\/elhuertorestaurant.com\/blog\/#primaryimage\"},\"image\":{\"@id\":\"https:\/\/elhuertorestaurant.com\/blog\/#primaryimage\"},\"thumbnailUrl\":\"https:\/\/elhuertorestaurant.com\/wp-content\/uploads\/2021\/12\/IMG_9844-1024x683.jpg\",\"datePublished\":\"2019-08-19T08:54:58+00:00\",\"dateModified\":\"2021-12-28T00:55:09+00:00\",\"breadcrumb\":{\"@id\":\"https:\/\/elhuertorestaurant.com\/blog\/#breadcrumb\"},\"inLanguage\":\"es\",\"potentialAction\":[{\"@type\":\"ReadAction\",\"target\":[\"https:\/\/elhuertorestaurant.com\/blog\/\"]}]},{\"@type\":\"ImageObject\",\"inLanguage\":\"es\",\"@id\":\"https:\/\/elhuertorestaurant.com\/blog\/#primaryimage\",\"url\":\"https:\/\/elhuertorestaurant.com\/wp-content\/uploads\/2021\/12\/IMG_9844-1024x683.jpg\",\"contentUrl\":\"https:\/\/elhuertorestaurant.com\/wp-content\/uploads\/2021\/12\/IMG_9844-1024x683.jpg\"},{\"@type\":\"BreadcrumbList\",\"@id\":\"https:\/\/elhuertorestaurant.com\/blog\/#breadcrumb\",\"itemListElement\":[{\"@type\":\"ListItem\",\"position\":1,\"name\":\"Home\",\"item\":\"https:\/\/elhuertorestaurant.com\/\"},{\"@type\":\"ListItem\",\"position\":2,\"name\":\"Blog\"}]},{\"@type\":\"WebSite\",\"@id\":\"https:\/\/elhuertorestaurant.com\/#website\",\"url\":\"https:\/\/elhuertorestaurant.com\/\",\"name\":\"El Huerto\",\"description\":\"Farm To Table Restaurant\",\"potentialAction\":[{\"@type\":\"SearchAction\",\"target\":{\"@type\":\"EntryPoint\",\"urlTemplate\":\"https:\/\/elhuertorestaurant.com\/?s={search_term_string}\"},\"query-input\":{\"@type\":\"PropertyValueSpecification\",\"valueRequired\":true,\"valueName\":\"search_term_string\"}}],\"inLanguage\":\"es\"}]}<\/script>\n<!-- \/ Yoast SEO plugin. -->","yoast_head_json":{"title":"Blog - El Huerto","robots":{"index":"index","follow":"follow","max-snippet":"max-snippet:-1","max-image-preview":"max-image-preview:large","max-video-preview":"max-video-preview:-1"},"canonical":"https:\/\/elhuertorestaurant.com\/es\/blog\/","og_locale":"es_MX","og_type":"article","og_title":"Blog - El Huerto","og_description":"Behind The scene 2 December, 2021 D\u00eda de Muertos Mexico has a great variety of traditions and festivities and is always full of history and culture and without a doubt, the Day of the Dead is one of them. READ MORE 11 November, 2021 Life is an event, make it memorable! Whether you&#8217;re turning 20 [&hellip;]","og_url":"https:\/\/elhuertorestaurant.com\/es\/blog\/","og_site_name":"El Huerto","article_modified_time":"2021-12-28T00:55:09+00:00","og_image":[{"url":"https:\/\/elhuertorestaurant.com\/wp-content\/uploads\/2021\/12\/IMG_9844-1024x683.jpg","type":"","width":"","height":""}],"twitter_card":"summary_large_image","twitter_misc":{"Tiempo de lectura":"1 minuto"},"schema":{"@context":"https:\/\/schema.org","@graph":[{"@type":"WebPage","@id":"https:\/\/elhuertorestaurant.com\/blog\/","url":"https:\/\/elhuertorestaurant.com\/blog\/","name":"Blog - El Huerto","isPartOf":{"@id":"https:\/\/elhuertorestaurant.com\/#website"},"primaryImageOfPage":{"@id":"https:\/\/elhuertorestaurant.com\/blog\/#primaryimage"},"image":{"@id":"https:\/\/elhuertorestaurant.com\/blog\/#primaryimage"},"thumbnailUrl":"https:\/\/elhuertorestaurant.com\/wp-content\/uploads\/2021\/12\/IMG_9844-1024x683.jpg","datePublished":"2019-08-19T08:54:58+00:00","dateModified":"2021-12-28T00:55:09+00:00","breadcrumb":{"@id":"https:\/\/elhuertorestaurant.com\/blog\/#breadcrumb"},"inLanguage":"es","potentialAction":[{"@type":"ReadAction","target":["https:\/\/elhuertorestaurant.com\/blog\/"]}]},{"@type":"ImageObject","inLanguage":"es","@id":"https:\/\/elhuertorestaurant.com\/blog\/#primaryimage","url":"https:\/\/elhuertorestaurant.com\/wp-content\/uploads\/2021\/12\/IMG_9844-1024x683.jpg","contentUrl":"https:\/\/elhuertorestaurant.com\/wp-content\/uploads\/2021\/12\/IMG_9844-1024x683.jpg"},{"@type":"BreadcrumbList","@id":"https:\/\/elhuertorestaurant.com\/blog\/#breadcrumb","itemListElement":[{"@type":"ListItem","position":1,"name":"Home","item":"https:\/\/elhuertorestaurant.com\/"},{"@type":"ListItem","position":2,"name":"Blog"}]},{"@type":"WebSite","@id":"https:\/\/elhuertorestaurant.com\/#website","url":"https:\/\/elhuertorestaurant.com\/","name":"El Huerto","description":"Restaurante de la granja a la mesa","potentialAction":[{"@type":"SearchAction","target":{"@type":"EntryPoint","urlTemplate":"https:\/\/elhuertorestaurant.com\/?s={search_term_string}"},"query-input":{"@type":"PropertyValueSpecification","valueRequired":true,"valueName":"search_term_string"}}],"inLanguage":"es"}]}},"_links":{"self":[{"href":"https:\/\/elhuertorestaurant.com\/es\/wp-json\/wp\/v2\/pages\/65","targetHints":{"allow":["GET"]}}],"collection":[{"href":"https:\/\/elhuertorestaurant.com\/es\/wp-json\/wp\/v2\/pages"}],"about":[{"href":"https:\/\/elhuertorestaurant.com\/es\/wp-json\/wp\/v2\/types\/page"}],"author":[{"embeddable":true,"href":"https:\/\/elhuertorestaurant.com\/es\/wp-json\/wp\/v2\/users\/1"}],"replies":[{"embeddable":true,"href":"https:\/\/elhuertorestaurant.com\/es\/wp-json\/wp\/v2\/comments?post=65"}],"version-history":[{"count":0,"href":"https:\/\/elhuertorestaurant.com\/es\/wp-json\/wp\/v2\/pages\/65\/revisions"}],"wp:attachment":[{"href":"https:\/\/elhuertorestaurant.com\/es\/wp-json\/wp\/v2\/media?parent=65"}],"curies":[{"name":"wp","href":"https:\/\/api.w.org\/{rel}","templated":true}]}}